{"id":17,"date":"2017-09-30T12:18:07","date_gmt":"2017-09-30T12:18:07","guid":{"rendered":"https:\/\/sr.feigenwinter.info\/?page_id=17"},"modified":"2025-11-15T08:06:59","modified_gmt":"2025-11-15T08:06:59","slug":"startseite","status":"publish","type":"page","link":"https:\/\/sr.feigenwinter.info\/","title":{"rendered":"Der Schulrat"},"content":{"rendered":"<p>Der Schulrat der <a href=\"https:\/\/schulen.edubs.ch\/ps\/hirzbrunnen\/Gremien\/schulrat\">Primarstufe Hirzbrunnen<\/a>:<\/p>\n\n\n<ul class=\"wp-block-list\">\n<li>Marcel Feigenwinter (Pr\u00e4sident)<\/li>\n\n\n\n<li>Christoph Graf&nbsp;(G)<\/li>\n\n\n\n<li>Philipp Schopfer (G)<\/li>\n\n\n\n<li>Martina Huber (E)<\/li>\n\n\n\n<li>Mich\u00e8le Thommen (E)<\/li>\n\n\n\n<li>Thomas Grossenbacher (SL)<\/li>\n\n\n\n<li>Christine Deschamps (LP) \/Viktoria Scherbak (LP)<\/li>\n\n\n\n<li>Ragna Wandl (TSL)<\/li>\n<\/ul>\n\n\n\n<p>(G = Vertretung der Gesellschaft, E = Elternvertretung, SL = Vertretung der Schulleitung, TSL = Vertretung der Leitung Tagesschulen, LP = Vertretung der Lehrpersonen)<\/p>\n\n\n\n<p>Falls Sie Informationen zur T\u00e4tigkeit des Schulrats w\u00fcnschen oder mit einem der Schulr\u00e4te Kontakt aufnehmen m\u00f6chten, wenden Sie sich bitte an den Pr\u00e4sidenten des Schulrates<a href=\"mailto:marcel.feigenwinter@edubs.ch\"> marcel.feigenwinter@edubs.ch<\/a><\/p>\n","protected":false},"excerpt":{"rendered":"<p>Der Schulrat der Primarstufe Hirzbrunnen: (G = Vertretung der Gesellschaft, E = Elternvertretung, SL = Vertretung der Schulleitung, TSL = Vertretung der Leitung Tagesschulen, LP = Vertretung der Lehrpersonen) Falls Sie Informationen zur T\u00e4tigkeit des Schulrats w\u00fcnschen oder mit einem der Schulr\u00e4te Kontakt aufnehmen m\u00f6chten, wenden Sie sich bitte an den Pr\u00e4sidenten des Schulrates marcel.feigenwinter@edubs.ch<\/p>\n","protected":false},"author":1,"featured_media":0,"parent":0,"menu_order":0,"comment_status":"closed","ping_status":"closed","template":"","meta":{"footnotes":""},"class_list":["post-17","page","type-page","status-publish","hentry"],"_links":{"self":[{"href":"https:\/\/sr.feigenwinter.info\/index.php?rest_route=\/wp\/v2\/pages\/17","targetHints":{"allow":["GET"]}}],"collection":[{"href":"https:\/\/sr.feigenwinter.info\/index.php?rest_route=\/wp\/v2\/pages"}],"about":[{"href":"https:\/\/sr.feigenwinter.info\/index.php?rest_route=\/wp\/v2\/types\/page"}],"author":[{"embeddable":true,"href":"https:\/\/sr.feigenwinter.info\/index.php?rest_route=\/wp\/v2\/users\/1"}],"replies":[{"embeddable":true,"href":"https:\/\/sr.feigenwinter.info\/index.php?rest_route=%2Fwp%2Fv2%2Fcomments&post=17"}],"version-history":[{"count":22,"href":"https:\/\/sr.feigenwinter.info\/index.php?rest_route=\/wp\/v2\/pages\/17\/revisions"}],"predecessor-version":[{"id":200,"href":"https:\/\/sr.feigenwinter.info\/index.php?rest_route=\/wp\/v2\/pages\/17\/revisions\/200"}],"wp:attachment":[{"href":"https:\/\/sr.feigenwinter.info\/index.php?rest_route=%2Fwp%2Fv2%2Fmedia&parent=17"}],"curies":[{"name":"wp","href":"https:\/\/api.w.org\/{rel}","templated":true}]}}