{"id":82,"date":"2017-09-30T12:51:52","date_gmt":"2017-09-30T12:51:52","guid":{"rendered":"https:\/\/sr.feigenwinter.info\/?page_id=82"},"modified":"2017-09-30T13:04:09","modified_gmt":"2017-09-30T13:04:09","slug":"lehrplan2","status":"publish","type":"page","link":"https:\/\/sr.feigenwinter.info\/?page_id=82","title":{"rendered":"Lehrplan"},"content":{"rendered":"<p>Mit dem Beitritt zum <a href=\"http:\/\/www.edk.ch\/dyn\/11659.php\">HarmoS-Konkordat<\/a> verpflichtet sich der Kanton Basel-Stadt, jedem Kind an der elf Jahre dauernden Volksschule eine Grundbildung in drei Sprachen (Deutsch, Franz\u00f6sisch, Englisch), Mathematik, Natur-Mensch-Gesellschaft (NMG), Gestalten und Musik, Bewegung und Sport anzubieten. Die Ziele und Inhalte werden f\u00fcr jede Sprachregion in einem gemeinsamen, alle Stufen \u00fcbergreifenden Lehrplan festgelegt. F\u00fcr die Deutschschweiz ist dies der <a href=\"http:\/\/www.lehrplan.ch\/\">Lehrplan 21<\/a>.<\/p>\n<p>Der Lehrplan 21 ist ein gemeinsames Werk im Auftrag von 21 Kantonen der deutsch- und mehrsprachigen Schweiz (D-EDK). Er wurde von 2010 bis 2013 von rund 60 Lehrpersonen und 40 Fachdidaktikerinnen und Fachdidaktikern aus allen Kantonen entwickelt. Anschliessend wurde von August bis Dezember 2013 eine breite sprachregionale Konsultation durchgef\u00fchrt. Die Auswertung der Konsultation erfolgte bis M\u00e4rz 2014, die \u00dcberarbeitung des Lehrplans 21 von April bis Juli 2014. Die Kantone haben am 31. Oktober 2014 beschlossen, den Lehrplan 21 f\u00fcr die Einf\u00fchrung in den Kantonen freizugeben. Der Erziehungsrat von Basel-Stadt hat am 1. Dezember 2014 beschlossen, den Lehrplan 21 ab 17. August 2015 in Kraft zu setzen. Die Schulen haben sechs Jahre Zeit, den Lehrplan 21 umzusetzen.<\/p>\n<p>Link zum Lehrplan 21: <a href=\"http:\/\/www.lehrplan.ch\/\">http:\/\/www.lehrplan.ch\/<\/a><\/p>\n","protected":false},"excerpt":{"rendered":"<p>Mit dem Beitritt zum HarmoS-Konkordat verpflichtet sich der Kanton Basel-Stadt, jedem Kind an der elf Jahre dauernden Volksschule eine Grundbildung in drei Sprachen (Deutsch, Franz\u00f6sisch, Englisch), Mathematik, Natur-Mensch-Gesellschaft (NMG), Gestalten und Musik, Bewegung und Sport anzubieten. Die Ziele und Inhalte werden f\u00fcr jede Sprachregion in einem gemeinsamen, alle Stufen \u00fcbergreifenden Lehrplan festgelegt. F\u00fcr die Deutschschweiz [&hellip;]<\/p>\n","protected":false},"author":1,"featured_media":0,"parent":0,"menu_order":0,"comment_status":"closed","ping_status":"closed","template":"","meta":{"footnotes":""},"class_list":["post-82","page","type-page","status-publish","hentry"],"_links":{"self":[{"href":"https:\/\/sr.feigenwinter.info\/index.php?rest_route=\/wp\/v2\/pages\/82","targetHints":{"allow":["GET"]}}],"collection":[{"href":"https:\/\/sr.feigenwinter.info\/index.php?rest_route=\/wp\/v2\/pages"}],"about":[{"href":"https:\/\/sr.feigenwinter.info\/index.php?rest_route=\/wp\/v2\/types\/page"}],"author":[{"embeddable":true,"href":"https:\/\/sr.feigenwinter.info\/index.php?rest_route=\/wp\/v2\/users\/1"}],"replies":[{"embeddable":true,"href":"https:\/\/sr.feigenwinter.info\/index.php?rest_route=%2Fwp%2Fv2%2Fcomments&post=82"}],"version-history":[{"count":4,"href":"https:\/\/sr.feigenwinter.info\/index.php?rest_route=\/wp\/v2\/pages\/82\/revisions"}],"predecessor-version":[{"id":96,"href":"https:\/\/sr.feigenwinter.info\/index.php?rest_route=\/wp\/v2\/pages\/82\/revisions\/96"}],"wp:attachment":[{"href":"https:\/\/sr.feigenwinter.info\/index.php?rest_route=%2Fwp%2Fv2%2Fmedia&parent=82"}],"curies":[{"name":"wp","href":"https:\/\/api.w.org\/{rel}","templated":true}]}}